

{"id":11552,"date":"2018-05-17T23:29:31","date_gmt":"2018-05-17T21:29:31","guid":{"rendered":"http:\/\/catalinx.ro\/wordpress\/?page_id=11552"},"modified":"2021-09-27T10:42:42","modified_gmt":"2021-09-27T09:42:42","slug":"politica-de-confidentialitate","status":"publish","type":"page","link":"https:\/\/catalinx.ro\/wordpress\/?page_id=11552","title":{"rendered":"Politica de confidentialitate"},"content":{"rendered":"<div id=\"fb-root\"><\/div>\n<h2>In limba romulana. Va recomand sa cititi in engleza. Aici e o traducere aproximativa si mi-e o lene de ma doare.<\/h2>\n<p><strong>Ce e asta?<\/strong><\/p>\n<p>E GDPRul pizdii, aia e.<\/p>\n<h2>Ce date personale\u00a0 colectez si de ce?<\/h2>\n<p><strong>Commentarii<\/strong><\/p>\n<p>Atunci cand comentati vi se retine IP-ul , emailul , pseudonimul si\u00a0 adresa de internet, daca o completati.\u00a0 Deasemenea se retin datele despre browserul cu care accesati pagina, ca parte necesara la detectia spam-ului.<\/p>\n<p><strong>Cookie-uri<\/strong><\/p>\n<p>Dac\u0103 l\u0103sa\u021bi un comentariu pe aici\u0219ea, pute\u021bi alege\u00a0 s\u0103 v\u0103 salva\u021bi numele, sau orice pseudonim vre\u021bi voi, adresa de e-mail \u0219i site-ul web \u00een cookie-uri. Acestea sunt pentru confortul dvs., astfel \u00eenc\u00e2t s\u0103 nu trebuie s\u0103 completa\u021bi detaliile dvs. atunci c\u00e2nd l\u0103sa\u021bi un alt comentariu. Aceste cookie-uri vor dura un an.<\/p>\n<p>Dac\u0103 ave\u021bi un cont \u0219i v\u0103 conecta\u021bi la acest site, vom seta un cookie temporar pentru a determina dac\u0103 browserul dvs. accept\u0103 module cookie. Acest modul cookie nu con\u021bine date personale \u0219i este eliminat c\u00e2nd \u00eenchide\u021bi browserul.\u00a0<strong>UITATI DE ASTA, nu aveti niciun cont. Doar eu am cont.aici.\u00a0<\/strong><\/p>\n<p><strong>CUM DEZACTIVEZI COOKIE-URILE?<\/strong><\/p>\n<p>Daca nu vrei si nu vrei cookie-uri, dar te incapatanezi sa o arzi pe aici ( eu te-am invitat politicos afara) poti sa iti setezi asta din browser.\u00a0 NU, nu o sa pun eu un plugin aici care opreste cookie-urile ca nu ma platesti tu sa muncesc pentru tine.\u00a0 Te duci frumos in setarile browserului tau si-ti opresti cookie-urile de acolo.<\/p>\n<p>Pen&#8217; ca sunt de bun simt si-ntelegator cu prostii, uite, iti dau mai jos cateva linkuri pentru cele mai uzuale browsere:<\/p>\n<p><strong>Chrome<\/strong><\/p>\n<p><a href=\"https:\/\/support.google.com\/accounts\/answer\/61416?co=GENIE.Platform%3DDesktop&amp;hl=en\">https:\/\/support.google.com\/accounts\/answer\/61416?co=GENIE.Platform%3DDesktop&amp;hl=en<\/a><\/p>\n<p><strong>Internet Explorer<\/strong><\/p>\n<p><a href=\"https:\/\/www.technipages.com\/ie-enable-disable-cookies\">https:\/\/www.technipages.com\/ie-enable-disable-cookies<\/a><\/p>\n<p><strong>Edge<\/strong><\/p>\n<p><a href=\"https:\/\/privacy.microsoft.com\/en-us\/windows-10-microsoft-edge-and-privacy\">https:\/\/privacy.microsoft.com\/en-us\/windows-10-microsoft-edge-and-privacy<\/a><\/p>\n<p><strong>Firefox<\/strong><\/p>\n<p><a href=\"https:\/\/support.mozilla.org\/en-US\/kb\/enable-and-disable-cookies-website-preferences\">https:\/\/support.mozilla.org\/en-US\/kb\/enable-and-disable-cookies-website-preferences<\/a><\/p>\n<p><strong>Safari<\/strong><\/p>\n<p><a href=\"https:\/\/support.apple.com\/kb\/ph21411?locale=en_GB\">https:\/\/support.apple.com\/kb\/ph21411?locale=en_GB<\/a><\/p>\n<p><strong>Browsere mobile\u00a0<\/strong><\/p>\n<p><a href=\"https:\/\/help.overdrive.com\/customer\/portal\/articles\/1481678-how-to-enable-cookies-on-your-mobile-device\">https:\/\/help.overdrive.com\/customer\/portal\/articles\/1481678-how-to-enable-cookies-on-your-mobile-device<\/a><\/p>\n<p><strong>Continut integrat din alte site-uri.<\/strong><\/p>\n<p>Articolele de pe acest site pot include con\u021binut \u00eencorporat (de ex., Videoclipuri, imagini, articole, etc.). Con\u021binutul \u00eencorporat de pe alte site-uri se comport\u0103 exact \u00een acela\u0219i mod ca \u0219i \u00een cazul \u00een care vizitatorul a vizitat cel\u0103lalt site web.<\/p>\n<p>Aceste site-uri Web pot s\u0103 colecteze date despre dvs., s\u0103 utilizeze module cookie, s\u0103 \u00eencorporeze urm\u0103rirea ter\u021b\u0103 parte \u0219i s\u0103 monitorizeze interac\u021biunea cu con\u021binutul \u00eencorporat, inclusiv urm\u0103rirea interac\u021biunii dvs. cu con\u021binutul \u00eencorporat dac\u0103 ave\u021bi un cont \u0219i sunte\u021bi conectat (\u0103) la site-ul respectiv.<\/p>\n<p><strong>Mai pe romaneste, nu am eu de unde sa stiu ce date retin aia despre voi, daca vreti sa vi\u00a0 se stearga datele pe care le-au retinut altii,\u00a0 adresati-va lor.\u00a0 Chit ca poate continutul e integrat aici, daca-i din alta platforma eu nu controlez ce date fura de la voi.<\/strong><\/p>\n<h3>Analize de date<\/h3>\n<p>Am Jetpack instalat si cam atat.\u00a0 Nu ma intereseaza sa fac alte statistici nu va fac tracking si nu va profilez comportamentul altfel decat citind aberatiile pe care le comentati pe aici.<\/p>\n<h2>Cui mai distribui eu datele voastre.<\/h2>\n<p>Nimanui.\u00a0 Acuma, daca vine politia si-mi cere baza de date s-ar putea sa-mi fie dificil sa-i refuz. Ma-ntelegeti si voi. Aveti grija ce spuneti p-aci.<\/p>\n<h2>Cata vreme tin datele ?<\/h2>\n<div id=\"gt-src-c\" class=\"g-unit\">\n<div id=\"gt-src-p\">\n<div id=\"gt-src-wrap\" class=\"\">\n<div id=\"gt-src-cc\">\n<div id=\"gt-src-cc-ctr\" class=\"cc-ctr gt-src-cc-normal\"><\/div>\n<\/div>\n<\/div>\n<\/div>\n<\/div>\n<div id=\"gt-res-c\" class=\"g-unit\">\n<div id=\"gt-res-p\">\n<div id=\"gt-res-data\">\n<div id=\"gt-res-wrap\">\n<div id=\"gt-res-content\">\n<div id=\"gt-res-dir-ctr\" class=\"trans-verified-button-small\" dir=\"ltr\"><span id=\"result_box\" class=\"\" lang=\"ro\"><span class=\"\">Dac\u0103 l\u0103sa\u021bi un comentariu, comentariul \u0219i metadatele acestuia sunt p\u0103strate pe o perioad\u0103 nedeterminat\u0103.<\/span>\u00a0<span class=\"\">Acest lucru este astfel \u00eenc\u00e2t s\u0103 putem recunoa\u0219te \u0219i aproba automat orice comentarii ulterioare \u00een loc s\u0103 le \u021binem \u00eentr-o coad\u0103 de moderare. Noi, adica eu si cu pluginul Akismet, altii nu mai sunt pe-aici\/\u00a0<\/span><\/span><\/div>\n<div dir=\"ltr\"><\/div>\n<\/div>\n<\/div>\n<\/div>\n<\/div>\n<\/div>\n<h3>Cum va protejez datele<\/h3>\n<p>N-as putea sa spun\u00a0 cu exactitate . E un rahat de server si o transmisie criptata https, nimic special. In baza de date datele nu sunt criptate.\u00a0 Daca va e frica de ceva, mai bine nu comentati.<\/p>\n<h3>Despre dreptul vostru sa vedeti ce date am de la voi si de a le sterge.<\/h3>\n<p>Da, va da legea dreptul asta si cine-s eu sa nu ma supun legii.<\/p>\n<p>Mi-au facut astia de la wordpress\u00a0 tool sa va dau datele si vi le dau, daca vreti. Scrieti un comentariu cu si vi le trimit pe mailul de pe care comentati. Daca comentati cu mail fals deja presupune ca nu am datele voastre deci nu prea am date reale despre voi si e mai complicat sa vi le dau. Dar gasim noi o solutie.<\/p>\n<p>Daca vreti sa va sterg toate datele, comentariile, etc. Ba, eu vi le sterg ca nu am ce face cu ele, da&#8217; nu-i chiar indicat sa ma futeti la melodie\u00a0 prea tare cu astea, ca dupa aia nu va mai las sa comentati. Ca eu nu am pofta sa muncesc pentru voi.\u00a0 Asta ca sa fie clar.<\/p>\n<p>Daca ai ceva de zis naspa, care crezi ca s-ar putea sa te muste din cur dac-o spui , comenteaza de pe mail fals, cu id fals. Daca spui cacaturi pe gura si pe urma vrei sa le sterg eu ca esti lezat. plm. Mai bine nu spune, stii ce zic?<\/p>\n<h2>In Englisky<\/h2>\n<h2>Who we are<\/h2>\n<p>Our website address is: http:\/\/catalinx.ro\/wordpress.<\/p>\n<h2>What personal data we collect and why we collect it<\/h2>\n<h3>Comments<\/h3>\n<p>When visitors leave comments on the site we collect the data shown in the comments form, and also the visitor\u2019s IP address and browser user agent string to help spam detection.<\/p>\n<p>An anonymized string created from your email address (also called a hash) may be provided to the Gravatar service to see if you are using it. The Gravatar service privacy policy is available here: https:\/\/automattic.com\/privacy\/. After approval of your comment, your profile picture is visible to the public in the context of your comment.<\/p>\n<h3>Media<\/h3>\n<p>If you upload images to the website, you should avoid uploading images with embedded location data (EXIF GPS) included. Visitors to the website can download and extract any location data from images on the website.<\/p>\n<h3>Contact forms<\/h3>\n<h3>Cookies<\/h3>\n<p>If you leave a comment on our site you may opt-in to saving your name, email address and website in cookies. These are for your convenience so that you do not have to fill in your details again when you leave another comment. These cookies will last for one year.<\/p>\n<p>If you have an account and you log in to this site, we will set a temporary cookie to determine if your browser accepts cookies. This cookie contains no personal data and is discarded when you close your browser.<\/p>\n<p>When you log in, we will also set up several cookies to save your login information and your screen display choices. Login cookies last for two days, and screen options cookies last for a year. If you select &#8220;Remember Me&#8221;, your login will persist for two weeks. If you log out of your account, the login cookies will be removed.<\/p>\n<p>If you edit or publish an article, an additional cookie will be saved in your browser. This cookie includes no personal data and simply indicates the post ID of the article you just edited. It expires after 1 day.<\/p>\n<h3>Embedded content from other websites<\/h3>\n<p>Articles on this site may include embedded content (e.g. videos, images, articles, etc.). Embedded content from other websites behaves in the exact same way as if the visitor has visited the other website.<\/p>\n<p>These websites may collect data about you, use cookies, embed additional third-party tracking, and monitor your interaction with that embedded content, including tracing your interaction with the embedded content if you have an account and are logged in to that website.<\/p>\n<h3>Analytics<\/h3>\n<h2>Who we share your data with<\/h2>\n<p>No sharing, unless mandated by the law enforcement.<\/p>\n<h2>How long we retain your data<\/h2>\n<p>If you leave a comment, the comment and its metadata are retained indefinitely. This is so we can recognize and approve any follow-up comments automatically instead of holding them in a moderation queue.<\/p>\n<p>For users that register on our website (if any), we also store the personal information they provide in their user profile. All users can see, edit, or delete their personal information at any time (except they cannot change their username). Website administrators can also see and edit that information.<\/p>\n<h2>What rights you have over your data<\/h2>\n<p>If you have an account on this site, or have left comments, you can request to receive an exported file of the personal data we hold about you, including any data you have provided to us. You can also request that we erase any personal data we hold about you. This does not include any data we are obliged to keep for administrative, legal, or security purposes.<\/p>\n<h2>Where we send your data<\/h2>\n<p>Visitor comments may be checked through an automated spam detection service.<\/p>\n<h2>Your contact information<\/h2>\n<h2>Additional information<\/h2>\n<h3>How we protect your data<\/h3>\n<h3>What data breach procedures we have in place<\/h3>\n<h3>What third parties we receive data from<\/h3>\n<h3>What automated decision making and\/or profiling we do with user data<\/h3>\n<h3>Industry regulatory disclosure requirements<\/h3>\n","protected":false},"excerpt":{"rendered":"<p>In limba romulana. Va recomand sa cititi in engleza. Aici e o traducere aproximativa si mi-e o lene de ma doare. Ce e asta? E&hellip;<\/p>\n","protected":false},"author":2,"featured_media":0,"parent":0,"menu_order":0,"comment_status":"closed","ping_status":"closed","template":"","meta":{"jetpack_post_was_ever_published":false,"footnotes":""},"class_list":["post-11552","page","type-page","status-publish","hentry"],"jetpack_sharing_enabled":true,"jetpack_shortlink":"https:\/\/wp.me\/P4Eq23-30k","jetpack-related-posts":[],"_links":{"self":[{"href":"https:\/\/catalinx.ro\/wordpress\/index.php?rest_route=\/wp\/v2\/pages\/11552","targetHints":{"allow":["GET"]}}],"collection":[{"href":"https:\/\/catalinx.ro\/wordpress\/index.php?rest_route=\/wp\/v2\/pages"}],"about":[{"href":"https:\/\/catalinx.ro\/wordpress\/index.php?rest_route=\/wp\/v2\/types\/page"}],"author":[{"embeddable":true,"href":"https:\/\/catalinx.ro\/wordpress\/index.php?rest_route=\/wp\/v2\/users\/2"}],"replies":[{"embeddable":true,"href":"https:\/\/catalinx.ro\/wordpress\/index.php?rest_route=%2Fwp%2Fv2%2Fcomments&post=11552"}],"version-history":[{"count":13,"href":"https:\/\/catalinx.ro\/wordpress\/index.php?rest_route=\/wp\/v2\/pages\/11552\/revisions"}],"predecessor-version":[{"id":20724,"href":"https:\/\/catalinx.ro\/wordpress\/index.php?rest_route=\/wp\/v2\/pages\/11552\/revisions\/20724"}],"wp:attachment":[{"href":"https:\/\/catalinx.ro\/wordpress\/index.php?rest_route=%2Fwp%2Fv2%2Fmedia&parent=11552"}],"curies":[{"name":"wp","href":"https:\/\/api.w.org\/{rel}","templated":true}]}}