

{"id":2,"date":"2009-01-27T13:16:41","date_gmt":"2009-01-27T11:16:41","guid":{"rendered":"http:\/\/catalinx.homeftp.org\/wordpress\/?page_id=2"},"modified":"2025-03-15T11:55:49","modified_gmt":"2025-03-15T11:55:49","slug":"about","status":"publish","type":"page","link":"https:\/\/catalinx.ro\/wordpress\/?page_id=2","title":{"rendered":"About\/Despre&#8230;"},"content":{"rendered":"<div id=\"fb-root\"><\/div>\n\n<pre class=\"wp-block-preformatted\"><\/pre>\n\n\n\n<pre class=\"wp-block-verse\"><\/pre>\n\n\n\n<p class=\"has-cyan-bluish-gray-background-color has-background\"><strong>Articolul 0<\/strong>. <strong>Cookies<\/strong><\/p>\n\n\n\n<p class=\"has-cyan-bluish-gray-color has-vivid-cyan-blue-background-color has-text-color has-background has-link-color wp-elements-a08b1f8019a37bf8d73ca42e52af51e2\"> Obligat de lege, m\u0103 v\u0103d nevoit s\u0103 <em><a href=\"https:\/\/ro.wiktionary.org\/wiki\/spui\">v\u0103 spui<\/a><\/em> c\u0103 aplica\u021bia web folose\u0219te cookie-uri. C\u0103 trebuie s\u0103 mai respect\u0103m \u0219i legea. \u00a0Nu \u0219tii ce sunt \u0103lea? Uite <a href=\"https:\/\/ro.wikipedia.org\/wiki\/Cookie\"><strong>ici.<\/strong><\/a><\/p>\n\n\n\n<p class=\"has-cyan-bluish-gray-background-color has-background\"><strong>Articolul 1. \u00a0F\u0103r\u0103 preten\u021bii de Atot\u0219tiutor.<\/strong><\/p>\n\n\n\n<p>Tot ce spun reprezint\u0103 doar p\u0103rerea mea. Nu este neap\u0103rat ca a ta \u0219i, dac\u0103 te deranjeaz\u0103, ghinion.<\/p>\n\n\n\n<p class=\"has-cyan-bluish-gray-background-color has-background\"><strong>Articolul 2. Gramatica \u0219i ortografia<\/strong><\/p>\n\n\n\n<p>\u00a0De obicei scriu rapid, pentru c\u0103 ideile vin \u00een grab\u0103 \u0219i nu a\u0219teapt\u0103. \u00cen plus, timpul este pre\u021bios \u0219i eu scriu gratuit. Corectez \u00eentr-o oarecare m\u0103sur\u0103, dar nu foarte des. <em><a href=\"https:\/\/en.wikipedia.org\/wiki\/Time_is_money_(aphorism)\">Taimizmene!<\/a><\/em><\/p>\n\n\n\n<p>Este posibil s\u0103 am uneori gre\u0219eli gramaticale sau de ortografie \u00een limba rom\u00e2n\u0103\/englez\u0103. Nu este o b\u0103taie de joc sau lips\u0103 de cunoa\u0219tere \u0219i, \u00een general, \u00eemi pas\u0103, dar vezi mai sus de ce. Nu insult pe nimeni cu asta \u0219i este clar c\u0103 singurul afectat \u00een imagine sunt eu. Este \u00een regul\u0103, nu trebuie s\u0103-\u021bi faci griji. Dac\u0103 \u00ee\u021bi jigne\u0219te intelectul, e un concurs de g\u0103sit  &#8220;X&#8221;-ul \u00een col\u021bul dreapta sus al paginii &#8211; premiul e libertatea ta de ideile mele.<\/p>\n\n\n\n<p><s>Diacritice? Un vis frumos&#8230; Timpul \u00eenseamn\u0103 bani, iar banii sunt religia mea.<\/s><\/p>\n\n\n\n<pre class=\"wp-block-verse\">De-a lungul timpului am reconsiderat desconsiderarea mea cu privire la diacritice. S-a \u00eent\u00e2mplat dup\u0103 ce mi-am dus copiii \u00een alt\u0103 \u021bar\u0103 s\u0103 studieze \u0219i am observat cum citeau diverse texte scrise \u00een limba rom\u00e2n\u0103 f\u0103r\u0103 diacritice.  Consider c\u0103, oric\u00e2t de t\u00e2rziu, ajut\u0103 s\u0103-\u021bi dai seama c\u00e2nd e\u0219ti prost \u0219i dac\u0103 po\u021bi face ceva s\u0103 corectezi asta, a\u0219a c\u0103, de\u0219i e mai dificil \u0219i uneori din tastatur\u0103 iese \u0103 \u00een loc de \u00e2 - c\u0103-s apropiate, \u0219i par mai agramat \u0219i analfabet dec\u00e2t sunt, e acceptabil, iar atunci c\u00e2nd scriu \u00een limba rom\u00e2n\u0103 \u00eencerc s\u0103 scriu cu diacritice. Nu am preten\u021bia ca oricine comenteaz\u0103 aici s\u0103 scrie cu diacritice, eu \u00een\u021beleg oricum, dac\u0103 scrie\u021bi \u00eentr-o limb\u0103 latin\u0103 sau englez\u0103, cu diacritice sau nu. Dar dac\u0103 v\u0103 obosi\u021bi apreciez. <br \/>Textele mai vechi sunt f\u0103r\u0103 diacritice, cele mai noi, cu. <\/pre>\n\n\n\n<p class=\"has-cyan-bluish-gray-background-color has-background\"><strong>\u00a0Articolul 4. Limitele criticii<\/strong><\/p>\n\n\n\n<p>(1) <em>Feedback \u0219i reac\u021bii.<\/em> Po\u021bi s\u0103 critici ce vrei, foarte des nu-mi pas\u0103 oricum. Uneori, la c\u00e2te un articol mai e c\u00e2te o aten\u021bionare, c\u0103 dac\u0103 ai o observa\u021bie cu privire la ceva anume &#8211; r\u0103spunsul va fi c\u0103 te trimit \u00een pizda m\u0103-tii, cu m\u0103-ta cu tot, c\u0103 nu m\u0103 intereseaz\u0103 acel aspect\u00a0. De obicei e s\u0103 subliniez c\u0103 am luat deja \u00een considerare acel aspect \u0219i nu m\u0103 intereseaz\u0103 s\u0103 bat eu sau altcineva apa \u00een piu\u0103 pe tem\u0103, fie o tem\u0103 valid\u0103 sau nu.  \u0218i, de obicei, m\u0103 \u021bin de cuv\u00e2nt \u0219i te voi trimite \u00een pizda m\u0103-tii.  \u00cen alte condi\u021bii, \u00een general, m\u0103 autocenzurez de la reac\u021bii de genul. C\u0103 am o v\u00e2rst\u0103 \u0219i nu-mi mai creaz\u0103 satisfac\u021bie.<\/p>\n\n\n\n<p>(2) <em>Puterea criticii.<\/em> Acest lucru e \u0219i o declara\u021bie c\u0103 nu-mi pas\u0103 dac\u0103 \u201dnu mai cite\u0219ti\u201d, \u201dnu mai vii pe pagin\u0103\u201d sau orice ac\u021biune de entitlement, sau \u201ecancel culture\u201d. Nu str\u00e2ng fani pe pagina asta, nu cer bani, nu cer nici m\u0103car <strong>like <\/strong>and <strong>share <\/strong>sau <strong>subscribe<\/strong>.  Dac\u0103 vreau s\u0103 promovez un articol, n-am nevoie de gratuit\u0103\u021bi sau favoruri de la cititori &#8211; \u00eemi permit s\u0103 pl\u0103tesc at\u00e2ta publicitate c\u00e2t s\u0103 ajung\u0103 acel articol la milioane de oameni &#8211; zic asta c\u0103 am f\u0103cut-o strict s\u0103 v\u0103d dac\u0103 pot.  \u0218i o zic ca s\u0103 \u00een\u021belegi c\u0103 nu depind de tine, de p\u0103rerea ta, de aprecierea ta \u0219i \u00een general apreciez mai mult oamenii care sunt la fel &#8211; indiferent dac\u0103 ne putem \u00een\u021belege sau nu . <br \/><br \/>(3) <em>Nevoia de validare.<\/em> Zic asta c\u0103 la fel cum nu o s\u0103-mi schimb p\u0103rerea, \u00een urma unei critici, probabil semn c\u0103-s prost, nici nu caut validare \u0219i apreciere, sau pantofi lustrui\u021bi, de fapt consider c\u0103 p\u0103rerea ta valoreaz\u0103 chiar mai pu\u021bin dac\u0103 doar m\u0103 perii \u0219i nu ai \u0219i tu un unghi diferit din care vezi lucrurile altfel &#8211; chiar dac\u0103 nu-s de acord cu el.  Asta face parte din defini\u021bia olteanului. Nu-s mul\u021bumit nici dac\u0103 vom c\u0103dea de acord, nici dac\u0103 nu \u0219i n-ai ce face cu privire la asta, \u201dit&#8217;s not me, it&#8217;s you!&#8221;. Sau invers. <\/p>\n\n\n\n<p><br \/>(4) <em>Formatul \u0219i subiectele abordate.<\/em> Dac\u0103 nu-\u021bi place formatul blogului, ceea ce scriu sau con\u021binutul, sau ai idei despre ce ar trebui s\u0103 scriu, nu-\u021bi pierde timpul. Nu fac sondaje \u0219i nu cer p\u0103reri cu privire la asta, dar e posibil s\u0103-l schimb \u00een timp &#8211; ca experiment personal. Sigur, po\u021bi s\u0103 comentezi c\u0103 nu-\u021bi place, dar nu o s\u0103 ajute neap\u0103rat la ceva &#8211; am tupeul s\u0103 recunosc c\u0103 scriu pentru a m\u0103 satisface pe mine, nu pe tine. Dac\u0103 ai ceva de spus, pune m\u00e2na \u0219i scrie tu ce crezi, cum crezi. Nu a\u0219tepta dup\u0103 mine s\u0103-\u021bi \u00eendeplinesc dorin\u021bele, pentru c\u0103 nu sunt pesti\u0219orul de aur. <\/p>\n\n\n\n<p><\/p>\n\n\n\n<p class=\"has-cyan-bluish-gray-background-color has-background\"><strong>\u00a0Articolul 5. Cenzura<\/strong><\/p>\n\n\n\n<p>\u00cen orice organiza\u021bie, consider c\u0103 cenzura e foarte important\u0103. Sigur, c\u00e2nd aveam 15 ani eram tot timpul cu \u201d<strong><a href=\"https:\/\/www.youtube.com\/watch?v=C2t2ERWAJck\">jos cenzura<\/a><\/strong>\u201d \u00een gur\u0103 \u0219i cu libertatea absolut\u0103 de exprimare. Nu mai am v\u00e2rsta aia demult \u0219i po\u021bi lua \u0219i asta \u00een calcul.  <\/p>\n\n\n\n<p>(1) <em>Dispozi\u021bia \u0219i<\/em> <em>Responsabilitatea mea. <\/em>Aici nu exist\u0103 democra\u021bie \u0219i libertate, pentru c\u0103 eu pl\u0103tesc curentul \u0219i internetul la hardughia pe care st\u0103 platforma asta \u0219i am impresia c\u0103 legea m\u0103 face un pic responsabil \u0219i pentru mizeriile pe care le-ai putea scrie tu.<br \/>Ce sco\u021bi din tastatur\u0103 este treaba ta doar p\u00e2n\u0103 devine \u0219i treaba mea. C\u00e2nd devine treaba mea, trebuie s\u0103 m\u0103 ocup de asta.<br \/>E acceptabil s\u0103 \u00eenjuri \u0219i s\u0103 ataci ideile mele sau ale altcuiva cu ce cuvinte vrei tu. \u00cen principiu, nu cuvintele sunt problema, ele sunt ni\u0219te unelte \u0219i fiecare folosim ce-avem \u0219i cum \u0219tim. <br \/>Poate fi acceptabil s\u0103 m\u0103  m\u0103 ataci pe mine personal, s\u0103 m\u0103 \u00eenjuri, s\u0103 m\u0103 faci albie de porci, depinde de dispozi\u021bia la momentul \u0103la &#8211; dac\u0103 \u00eemi pierd r\u0103bdarea \u0219terg tot, evident. <br \/>Sub nicio form\u0103 nu e acceptabil s\u0103 ataci  peronsl cunoscu\u021bii, prietenii \u0219i b\u0103i ( nici n-aduc \u00een discu\u021bie familia, c\u0103 presupun c\u0103 nu e\u0219ti t\u00e2mpit s\u0103 crezi  c\u0103 e acceptabil s\u0103 faci asta), nici pe un altul care comenteaz\u0103 ceva. <br \/>Nu e c\u0103 nu rezist la injurii, am pielea groas\u0103, dar m\u0103 dezgust\u0103 s\u0103 m\u0103 scald cu porcii \u0219i nu o s\u0103 tolerez crearea unei albii de porci pe banii mei. Nu am de ce.  <\/p>\n\n\n\n<p>(2) <em>Moderarea. <\/em>Dac\u0103 un comentariu este \u00een moderare, \u00eel voi vedea \u0219i eu, stai lini\u0219tit.<\/p>\n\n\n\n<ul class=\"wp-block-list\">\n<li>Dac\u0103 <strong>vezi <\/strong>c\u0103 un comentariu este \u00een moderare, nu te obosi s\u0103-mi scrii s\u0103-l aprob. Se \u00eent\u00e2mpl\u0103 c\u0103:<br \/>Nu sunt online sau am alte treburi dec\u00e2t blogul.<\/li>\n\n\n\n<li>M\u0103 \u00eenjuri \u0219i nu ai nimic important de spus. De obicei, dac\u0103 v\u0103d ceva substan\u021bial \u00een comentariu, fie c\u0103 sunt de acord sau nu, \u00eel aprob cu tot cu interpel\u0103ri, jigniri sau orice altceva scrii, pentru c\u0103 nu sunt pudic \u0219i mi-e prea lene s\u0103 editez, nu pentru c\u0103 \u00ee\u021bi respect dreptul la liber\u0103 exprimare, sau pentru c\u0103 \u00eemi pas\u0103 de el, ca \u0219i cum ai fi pe mo\u0219ia ta. Dac\u0103 balan\u021ba \u00eenclin\u0103 spre mizerii sau \u00eemi dau seama c\u0103 pur \u0219i simplu e\u0219ti handicapat sau bolnav psihic, prefer s\u0103 te ignor, dac\u0103 se poate.<\/li>\n\n\n\n<li><strong><em>Comentariile care au mai mult de 3 linkuri vor intra automat \u00een moderare &#8211; pentru c\u0103 exist\u0103 riscul s\u0103 fie spam, nu de alta.  Dac\u0103 ai de zis lucruri \u0219i vrei s\u0103 le probezi , sau s\u0103 faci referire la mai mult de 3 adrese de internet &#8211; ai de ales fie s\u0103<\/em><\/strong> <strong><em>\u00eempar\u021bi textul \u00een mai multe comentarii, fie a\u0219tep\u021bi s\u0103 aprob. Nu prea vreau s\u0103 cresc num\u0103rul de linkuri, c\u0103 pe urm\u0103 trebuie s\u0103 \u0219terg spam. <\/em><\/strong><\/li>\n<\/ul>\n\n\n\n<p>Am o urm\u0103 de bun sim\u021b \u0219i, odat\u0103 ce un comentariu este aprobat, consider c\u0103 e\u0219ti ok \u0219i \u00ee\u021bi permit s\u0103 scrii, \u00een principiu, ce vrei.<br \/>Dac\u0103 un comentariu<strong><em> a intrat \u00een spam<\/em><\/strong> (c\u00e2nd unii scriu de pe tot felul de IP-uri dubioase sau posteaz\u0103 cu 5 conturi de pe aceea\u0219i adres\u0103 IP, habar nu am de ce, personalit\u0103\u021bi multiple, probabil), nu \u00eel voi vedea, pentru c\u0103 sunt sute. Po\u021bi scrie un alt comentariu scurt pentru a-mi atrage aten\u021bia, iar eu \u00eel voi g\u0103si c\u00e2nd am timp.<strong> \u00ce\u021bi dai seama c\u0103 este \u00een spam pentru c\u0103 nu apare ca moderat sau aprobat.<\/strong><\/p>\n\n\n\n<p>Dac\u0103 trebuie s\u0103 m\u0103 obosesc s\u0103 interzic manual un comentariu dup\u0103 ce m-am obosit s\u0103 aprob primul, fii sigur c\u0103 nu se \u00eent\u00e2mpl\u0103 din cauza cuvintelor &#8220;pula&#8221; sau &#8220;pizda&#8221;, ci pentru c\u0103 consider c\u0103 nu mai vreau s\u0103-mi spui p\u0103rerea despre nimic. Este foarte probabil s\u0103 nu m\u0103 obosesc s\u0103-\u021bi explic ce nu e \u00een regul\u0103. Consider c\u0103 nu merit\u0103 efortul, timpul meu e mai important de at\u00e2t. <\/p>\n\n\n\n<p>(3)<strong><em>Autocenzura<\/em><\/strong>: Legea te face \u0219i pe tine, \u00een primul r\u00e2nd, responsabil de ceea ce spui \u0219i exist\u0103 limite ale libert\u0103\u021bii de exprimare. Eu nu am nici timp \u0219i nici nu sunt genul s\u0103 raportez la autorit\u0103\u021bi ce scrii tu aici, dar po\u021bi fi sigur(\u0103) c\u0103 \u00een epoca asta scaneaz\u0103 ei singuri \u0219i m\u0103 pot c\u0103uta ei pe mine s\u0103 le dau detaliile \u0219i, \u00eentr-un fel sau altul, m\u0103 pot for\u021ba s-o fac, dar nu e vorba de asta ci de faptul c\u0103 pentru un prieten poate am motiv s\u0103 consum energie \u0219i s\u0103-mi asum riscuri \u00een a \u00eencerca s\u0103-l protejez de ceea ce a spus cu gura lui, dar majoritatea nu ne cunoa\u0219tem \u0219i n-am s\u0103 fac eforturi s\u0103 rezist legii \u0219i autorit\u0103\u021bilor, c\u0103 nu-s t\u00e2mpit. A\u0219a c\u0103:<\/p>\n\n\n\n<ul class=\"wp-block-list\">\n<li><strong>Dac\u0103 vrei s\u0103 spui ceva ce crezi c\u0103 \u00ee\u021bi poate aduce repercusiuni legale \u0219i nu ai o metod\u0103 s\u0103 te protejezi \u0219i s\u0103 te anonimizezi<\/strong> &#8211; <strong>nu spune!\u00a0<\/strong> Eu nu te pot proteja, pentru c\u0103 eu nu sunt anonim \u0219i nu am nici m\u0103car posibilitatea de a nega plauzibil c\u0103 platforma asta e a mea. Chiar dac\u0103 tu nu \u0219tii cine sunt, asta e pentru c\u0103 vreau s\u0103 fiu discret &#8211; explic mai jos. Statul rom\u00e2n \u0219tie exact cine sunt, pentru c\u0103 domeniul este pe numele meu, serverul este hostat pe numele meu. Chiar dac\u0103 a\u0219 vrea s\u0103 te protejez nu pot, f\u0103r\u0103 s\u0103 \u00eencalc eu legea, iar s\u0103 ai preten\u021bia asta de la mine ar trebui s\u0103 fim cel pu\u021bin amici.<\/li>\n\n\n\n<li>Dac\u0103 ai spus ceva ce crezi c\u0103 te poate prejudicia \u00een orice fel, fie c\u0103 e, sau devine ilegal, fie c\u0103 nu vrei s\u0103 fii cunoscut c\u0103 ai spus asta, legea \u00ee\u021bi d\u0103 dreptul s\u0103-mi ceri s\u0103-\u021bi \u0219terg comentariile \u0219i chiar dac\u0103 nu \u021bi-ar da legea dreptul tot \u021bi-l ofer eu.  Cu excep\u021bia cazului \u00een care m-ai enervat teribil &#8211; d-aia zic, c\u0103 autocenzura e ceva la care s\u0103 te g\u00e2nde\u0219ti. \u00cencearc\u0103 s\u0103 nu abuzezi, c\u0103 n-am timp s\u0103-\u021bi \u0219terg c\u00e2te un comentariu pe fiecare zi sau ceva, gen m\u0103 enervez \u0219i le \u0219terg pe toate.  <\/li>\n\n\n\n<li>Ia \u00een calcul c\u0103 dac\u0103 vrei s\u0103-\u021bi \u0219terg un comentariu trebuie s\u0103 dovede\u0219ti cumva c\u0103 e comentariul t\u0103u &#8211; c\u0103 altfel a\u0219 ajunge s\u0103 \u0219terg orice comentariu nu-i convine cuiva.<\/li>\n<\/ul>\n\n\n\n<p class=\"has-cyan-bluish-gray-background-color has-background\"><br \/><strong>Articolul 6. Adblockerele<\/strong><\/p>\n\n\n\n<p>Sunt binevenite. Dac\u0103 \u0219ti\u021bi vreunul nou, spune\u021bi-mi \u0219i mie.<\/p>\n\n\n\n<p>Conform a ceea ce am scris mai sus, nu am banere, pop-up-uri sau scripturi care s\u0103-\u021bi urm\u0103reasc\u0103 comportamentul, \u00een afar\u0103 de cele standard \u00een WordPress. Unele pluginuri pot con\u021bine diverse scripturi, dar nu \u00eemi pierd timpul cu asta. A\u0219a stau lucrurile, pluginurile sunt gratis, le iau a\u0219a cum sunt, nu stau s\u0103 le dezvolt sau s\u0103 le modific pentru voi. Uneori mai fac ajust\u0103ri c\u00e2nd observ lucruri evidente, dar nu investesc mult timp \u00een asta.<\/p>\n\n\n\n<p>Oricum, presupun c\u0103 folosi\u021bi un adblocker \u0219i v\u0103 \u00eencurajez s\u0103-l utiliza\u021bi aici. Spun \u0219i eu, dac\u0103 eu nu afi\u0219ez reclame, de ce s\u0103 fie afectat comportamentul t\u0103u de un plugin prostesc?<\/p>\n\n\n\n<p>Nici m\u0103car eu nu dezactivez adblockerul pe propriul meu site, de ce \u021bi-a\u0219 cere \u021bie s\u0103 o faci.<\/p>\n\n\n\n<p>Unele blockere de Mozilla blocheaz\u0103 inclusiv javascript-urile, ceea ce face ca pagina s\u0103 nu se \u00eencarce corect \u0219i s\u0103 nu po\u021bi vedea slideshow-urile.<\/p>\n\n\n\n<p>Mie nu-mi pas\u0103. Este treaba ta! Dac\u0103 te descurci, foarte bine, dar nu m\u0103 b\u00e2ntui c\u0103 nu vezi pozele sau nu se \u00eencarc\u0103 ni\u0219te rahaturi, tu bloc\u00e2nd scripturile.<\/p>\n\n\n\n<p class=\"has-cyan-bluish-gray-background-color has-background\"><strong>7. Identitatea<\/strong><\/p>\n\n\n\n<p>C\u00e2nd intri \u00een casa cuiva, este corect s\u0103 nu ai masc\u0103 pe fa\u021b\u0103 \u0219i s\u0103 ai buletinul cu fotografie, \u00een caz c\u0103 vrei s\u0103 m\u0103 cau\u021bi \u0219i s\u0103 ataci familia mea pentru c\u0103 ne-am certat online, m\u0103car s\u0103 \u0219tiu de unde e\u0219ti.<\/p>\n\n\n\n<p>(1) <em>Discre\u021bia. <\/em>Totu\u0219i, nu-mi pas\u0103 dac\u0103 folose\u0219ti un email real sau nu, deoarece fraza de mai sus nu se aplic\u0103 \u00een lumea mea. Nici nu-mi pas\u0103 dac\u0103 comentezi cu IP real sau folose\u0219ti Tor sau altceva, ba chiar \u00ee\u021bi \u00eencurajez anonimatul \u0219i discre\u021bia, dac\u0103 asta dore\u0219ti. Dar nu comenta cu zece ID-uri \u0219i zece emailuri \u00een mod ridicol, pentru c\u0103 m\u0103 enerveaz\u0103 s\u0103 aprob at\u00e2t de multe ID-uri.<br \/>Zic asta pentru c\u0103 posibil c\u0103 ai observat c\u0103 \u0219i eu vreau s\u0103 fiu discret.  Anonim nu pot fi, \u00een contextul \u0103sta, c\u0103 toat\u0103 platforma e pe numele meu. Iar asta are implica\u021bii. <\/p>\n\n\n\n<p>A\u0219a c\u0103 aceast\u0103 situa\u021bie de toleran\u021b\u0103 a anonimit\u0103\u021bii poate s\u0103 se schimbe dac\u0103 lucrurile degenereaz\u0103, a\u0219a cum se \u00eent\u00e2mpl\u0103 cu multe lucruri primite gratis \u00een lumea asta, unde se dovede\u0219te c\u0103 nu sunt apreciate, ci majoritatea doresc s\u0103 calce pe efortul t\u0103u, oricare ar fi acesta.<\/p>\n\n\n\n<p class=\"has-cyan-bluish-gray-background-color has-background\"><strong>8.  Linkul din ID-ul t\u0103u. <\/strong><\/p>\n\n\n\n<p>Dac\u0103 te reprezint\u0103, este \u00een regul\u0103. Dac\u0103 reprezin\u021bi o firm\u0103 care vinde tot felul de lucruri \u0219i scrii doar pentru a-\u021bi face reclam\u0103, nu este prea bine, dar nu sunt prea sever \u00een privin\u021ba asta. Dac\u0103 contribu\u021bia \u00een discu\u021bie este util\u0103, nu m\u0103 voi opri \u00eentr-un link. Dac\u0103 ai trecut s\u0103-mi spui: &#8220;Bun\u0103, ce mai zici (linkul meu este aici)&#8221;, &#8220;Mama, ce bine scrii&#8221; \u0219i alte baliverne de genul acesta, pe l\u00e2ng\u0103 faptul c\u0103 Akismetul te poate bloca \u00eenainte ca eu s\u0103 o fac, da, un robot se prinde de astfel de vorbe goale. M\u0103 consider jignit, exploatat, poluat \u0219i probabil voi decide s\u0103 te ignor.<\/p>\n\n\n\n<p class=\"has-cyan-bluish-gray-background-color has-background\"><br \/><strong>9. Finan\u021bare, referin\u021be , comunitate.<\/strong><\/p>\n\n\n\n<p>Tot timpul mi-am dorit s\u0103 scriu c\u00e2t mai liber ( nu se poate \u00een mod absolut, c\u0103 de aia degetele \u0219i gura nu-s conectate direct la ce g\u00e2nde\u0219ti \u0219i ai nevoie de m\u0103car un filtru social personal) \u0219i e dificil s\u0103 scrii liber dac\u0103 r\u0103spunzi \u00een fa\u021ba cuiva.  <br \/>\u0102sta e motivul pentru care aici nu sunt reclame \u0219i nu inten\u021bionez s\u0103 fie vreodat\u0103, pentru care nu pot scrie articole pl\u0103tite de cineva, indiferent cine este acel cineva, c\u0103 ar fi vorba de un client sau de public. <br \/>\u0102sta e motivul pentru care nu cer \u0219i nu accept dona\u021bii, iar dac\u0103 fac review la un produs, \u00eel cump\u0103r sau \u00eel \u00eenchiriez, iar dac\u0103 e  primit cadou e de la cineva care n-are leg\u0103tur\u0103 cu cine produce sau vinde produsul \u0103la &#8211; e ca \u0219i cum \u021bi-a\u0219 da cadou un ceas de ziua ta \u0219i tu scrii despre el. <\/p>\n\n\n\n<p>Nu tot ce scriu beneficiaz\u0103 de aceea\u0219i libertate, dar vreau ca ce scriu AICI s\u0103 fie a\u0219a. <br \/>\u0218i singurul mod \u00een care consimt s-o pot face f\u0103r\u0103 s\u0103 fiu dator fa\u021b\u0103 de cineva e s\u0103 pl\u0103tesc eu pentru asta \u0219i s\u0103 scriu doar pentru mine. <br \/>\u00cemi \u021bin oarecum singur hostingul la serverul pe care st\u0103 \u0219i blogul \u0103sta, din 2010.  WordPressul nu e de-atunci, ci mai nou, pe vremea aia scriam \u00een html. O lung\u0103 vreme a stat pe un calculator \u00een birou sau pe balcon, o vreme mi-a \u021binut un prieten serverul la el \u00een beci, iar din 2018 este colocat \u00eentr-un data center.<br \/><br \/>Nu \u021bin referin\u021be c\u0103tre alte site-uri, afla\u021bi voi singuri dac\u0103 vre\u021bi s\u0103 citi\u021bi ceva undeva, cu excep\u021bia unui singur link c\u0103tre opencube.ro, unde nu se mai scrie public \u0219i unde  mi-am petrecut foarte mult timp. Singurul motiv pentru care acel link este aici este faptul c\u0103 nici acolo nu e un spa\u021biu comercial.<\/p>\n\n\n\n<p>La fel, nu doresc s\u0103 am referin\u021be de la nimeni, pe nicio platform\u0103, nu sunt afiliat cu nimeni, iar cu cine sunt amic sau prieten sunt pentru ceea ce suntem unii pentru al\u021bii nu pentru ceea ce scriu sau nu scriu.  Nu m\u0103 intereseaz\u0103 \u201ds\u0103 afle lumea de mine\u201d , nu consider c\u0103 sunt sau c\u0103 ar trebui s\u0103 fiu important pentru ceea ce scriu pe o platform\u0103, nu am nevoie s\u0103 da\u021bi share, like, pe nicio platform\u0103 la ce citi\u021bi, nu-mi pas\u0103 de algoritmii google, sau ai altor platforme media care ascund sau popularizeaz\u0103 con\u021binut. <\/p>\n","protected":false},"excerpt":{"rendered":"<p>Articolul 0. Cookies Obligat de lege, m\u0103 v\u0103d nevoit s\u0103 v\u0103 spui c\u0103 aplica\u021bia web folose\u0219te cookie-uri. C\u0103 trebuie s\u0103 mai respect\u0103m \u0219i legea. \u00a0Nu&hellip;<\/p>\n","protected":false},"author":1,"featured_media":0,"parent":0,"menu_order":0,"comment_status":"open","ping_status":"open","template":"","meta":{"jetpack_post_was_ever_published":false,"footnotes":""},"class_list":["post-2","page","type-page","status-publish","hentry"],"jetpack_sharing_enabled":true,"jetpack_shortlink":"https:\/\/wp.me\/P4Eq23-2","jetpack-related-posts":[],"_links":{"self":[{"href":"https:\/\/catalinx.ro\/wordpress\/index.php?rest_route=\/wp\/v2\/pages\/2","targetHints":{"allow":["GET"]}}],"collection":[{"href":"https:\/\/catalinx.ro\/wordpress\/index.php?rest_route=\/wp\/v2\/pages"}],"about":[{"href":"https:\/\/catalinx.ro\/wordpress\/index.php?rest_route=\/wp\/v2\/types\/page"}],"author":[{"embeddable":true,"href":"https:\/\/catalinx.ro\/wordpress\/index.php?rest_route=\/wp\/v2\/users\/1"}],"replies":[{"embeddable":true,"href":"https:\/\/catalinx.ro\/wordpress\/index.php?rest_route=%2Fwp%2Fv2%2Fcomments&post=2"}],"version-history":[{"count":35,"href":"https:\/\/catalinx.ro\/wordpress\/index.php?rest_route=\/wp\/v2\/pages\/2\/revisions"}],"predecessor-version":[{"id":30775,"href":"https:\/\/catalinx.ro\/wordpress\/index.php?rest_route=\/wp\/v2\/pages\/2\/revisions\/30775"}],"wp:attachment":[{"href":"https:\/\/catalinx.ro\/wordpress\/index.php?rest_route=%2Fwp%2Fv2%2Fmedia&parent=2"}],"curies":[{"name":"wp","href":"https:\/\/api.w.org\/{rel}","templated":true}]}}