

{"id":31639,"date":"2025-05-26T09:17:45","date_gmt":"2025-05-26T08:17:45","guid":{"rendered":"https:\/\/catalinx.ro\/wordpress\/?page_id=31639"},"modified":"2025-05-26T09:17:50","modified_gmt":"2025-05-26T08:17:50","slug":"how-to-cum-sa","status":"publish","type":"page","link":"https:\/\/catalinx.ro\/wordpress\/?page_id=31639","title":{"rendered":"How To:\/ Cum s\u0103:"},"content":{"rendered":"<div id=\"fb-root\"><\/div>\n\n<p class=\"has-luminous-vivid-amber-background-color has-background\"><strong>Cum citez un comentariu?<\/strong><\/p>\n\n\n\n<p><br \/><em>Copiezi textul pe care \u00eel vrei citat \u00een casu\u021ba unde scrii textul comentariului,  selectezi textul, cau\u021bi \u00een josul c\u0103su\u021bei butonul cu simbolul de citare  (\u201d) \u0219i ape\u0219i, ca \u00een clipul de mai jos.<\/em><\/p>\n\n\n\n<figure class=\"wp-block-video\"><video height=\"480\" style=\"aspect-ratio: 720 \/ 480;\" width=\"720\" controls src=\"https:\/\/catalinx.ro\/wordpress\/wp-content\/uploads\/2025\/05\/cum-citez-un-comentariu-.mp4\"><\/video><\/figure>\n\n\n\n<p class=\"has-luminous-vivid-amber-background-color has-background\"><strong>Cum s\u0103 m\u0103 abonez la notific\u0103ri privind comentarii noi<\/strong>?<\/p>\n\n\n\n<p><em>Nu \u0219tiu dac\u0103 e cea mai bun\u0103 idee, dar dac\u0103 vrei s\u0103 fii deranjat(\u0103) de notific\u0103ri <\/em>, <em>dar dac\u0103 n-ai de lucru, ape\u0219i clopo\u021beul sau extinzi meniul de \u201dSubscribe\u201d, ca \u00een clipul de mai jos. <\/em><\/p>\n\n\n\n<figure class=\"wp-block-video\"><video height=\"360\" style=\"aspect-ratio: 852 \/ 360;\" width=\"852\" controls src=\"https:\/\/catalinx.ro\/wordpress\/wp-content\/uploads\/2025\/05\/subscribe-to-comments.mp4\"><\/video><\/figure>\n","protected":false},"excerpt":{"rendered":"<p>Cum citez un comentariu? Copiezi textul pe care \u00eel vrei citat \u00een casu\u021ba unde scrii textul comentariului, selectezi textul, cau\u021bi \u00een josul c\u0103su\u021bei butonul cu&hellip;<\/p>\n","protected":false},"author":2,"featured_media":0,"parent":0,"menu_order":0,"comment_status":"closed","ping_status":"closed","template":"","meta":{"jetpack_post_was_ever_published":false,"footnotes":""},"class_list":["post-31639","page","type-page","status-publish","hentry"],"jetpack_sharing_enabled":true,"jetpack_shortlink":"https:\/\/wp.me\/P4Eq23-8ej","jetpack-related-posts":[],"_links":{"self":[{"href":"https:\/\/catalinx.ro\/wordpress\/index.php?rest_route=\/wp\/v2\/pages\/31639","targetHints":{"allow":["GET"]}}],"collection":[{"href":"https:\/\/catalinx.ro\/wordpress\/index.php?rest_route=\/wp\/v2\/pages"}],"about":[{"href":"https:\/\/catalinx.ro\/wordpress\/index.php?rest_route=\/wp\/v2\/types\/page"}],"author":[{"embeddable":true,"href":"https:\/\/catalinx.ro\/wordpress\/index.php?rest_route=\/wp\/v2\/users\/2"}],"replies":[{"embeddable":true,"href":"https:\/\/catalinx.ro\/wordpress\/index.php?rest_route=%2Fwp%2Fv2%2Fcomments&post=31639"}],"version-history":[{"count":1,"href":"https:\/\/catalinx.ro\/wordpress\/index.php?rest_route=\/wp\/v2\/pages\/31639\/revisions"}],"predecessor-version":[{"id":31643,"href":"https:\/\/catalinx.ro\/wordpress\/index.php?rest_route=\/wp\/v2\/pages\/31639\/revisions\/31643"}],"wp:attachment":[{"href":"https:\/\/catalinx.ro\/wordpress\/index.php?rest_route=%2Fwp%2Fv2%2Fmedia&parent=31639"}],"curies":[{"name":"wp","href":"https:\/\/api.w.org\/{rel}","templated":true}]}}